{"id":1546,"date":"2018-02-17T10:19:46","date_gmt":"2018-02-17T15:19:46","guid":{"rendered":"https:\/\/bacaprod.wpengine.com\/?page_id=1546\/"},"modified":"2025-08-03T00:39:01","modified_gmt":"2025-08-03T04:39:01","slug":"social-worker-position","status":"publish","type":"page","link":"https:\/\/cliniquebaca.com\/en\/social-worker-position\/","title":{"rendered":"Social worker position"},"content":{"rendered":"<p>[et_pb_section fb_built=&#8221;1&#8243; admin_label=&#8221;section&#8221; _builder_version=&#8221;4.16&#8243; global_colors_info=&#8221;{}&#8221;][et_pb_row admin_label=&#8221;row&#8221; _builder_version=&#8221;4.16&#8243; background_size=&#8221;initial&#8221; background_position=&#8221;top_left&#8221; background_repeat=&#8221;repeat&#8221; hover_enabled=&#8221;0&#8243; global_colors_info=&#8221;{}&#8221; sticky_enabled=&#8221;0&#8243;][et_pb_column type=&#8221;4_4&#8243; _builder_version=&#8221;4.16&#8243; custom_padding=&#8221;|||&#8221; global_colors_info=&#8221;{}&#8221; custom_padding__hover=&#8221;|||&#8221;][et_pb_text admin_label=&#8221;Text&#8221; _builder_version=&#8221;4.27.4&#8243; background_size=&#8221;initial&#8221; background_position=&#8221;top_left&#8221; background_repeat=&#8221;repeat&#8221; hover_enabled=&#8221;0&#8243; global_colors_info=&#8221;{}&#8221; sticky_enabled=&#8221;0&#8243;]<\/p> <h1><span style=\"text-decoration: underline;\">POSTE\u00a0: PSYCHOLOGUE, TRAVAILLEUR SOCIAL ET PSYCHOTHE\u0301RAPEUTE<\/span><\/h1> <h3>CONSULTANT &#8211; TEMPS PLEIN OU TEMPS PARTIEL<\/h3> <h3>ENTREPRISE: CLINIQUE DES TROUBLES ALIMENTAIRES BACA Inc.<\/h3> <div>www.cliniquebaca.com<\/div> <p>La clinique BACA est une clinique prive\u0301e offrant des services externes spe\u0301cialise\u0301s pour les personnes souffrant d\u2019un trouble de l\u2019alimentation, tel que l\u2019anorexie nerveuse, la boulimie nerveuse et l\u2019hyperphagie boulimique. Nous venons e\u0301galement en aide aux parents et aux proches qui accompagnent leur e\u0302tre cher a\u0300 travers cette dure e\u0301preuve. Nous proposons un mode\u0300le de traitement inte\u0301gre\u0301 qui permet de toucher a\u0300 toutes les sphe\u0300res de la vie de l\u2019individu et favoriser une prise en charge rapide et personnalise\u0301e. La cliente\u0300le vise\u0301e est de 14 ans et plus.<\/p> <p>Notre e\u0301quipe croit au re\u0301tablissement complet et mobilise toutes ses ressources afin de redonner l\u2019espoir d\u2019une vie plus e\u0301quilibre\u0301e et libre d\u2019obsessions lie\u0301es au poids et a\u0300 l\u2019apparence. L\u2019environnement accueillant et tre\u0300s chaleureux de la clinique cre\u0301e un climat de confiance propice au re\u0301tablissement.<\/p> <p>Nous formons une e\u0301quipe multidisciplinaire constitue\u0301e de professionnels passionne\u0301s par la relation d\u2019aide et le travail en e\u0301quipe. Nous privile\u0301gions e\u0301galement une e\u0301troite collaboration avec les professionnels provenant d\u2019autres milieux et qui sont implique\u0301s dans le dossier de nos clients en vue d\u2019offrir les meilleurs services possibles. Nous sommes a\u0300 la recherche d\u2019un ou d\u2019une psychothe\u0301rapeute qui a envie d\u2019e\u0301voluer au sein d\u2019une telle e\u0301quipe et qui souhaite relever des de\u0301fis cliniques a\u0300 travailler avec cette cliente\u0300le attachante.<\/p> <p>Nous sommes particulie\u0300rement a\u0300 la recherche d\u2019un professionnel inte\u0301resse\u0301 a\u0300 de\u0301velopper une expertise dans le traitement de l\u2019hyperphagie boulimique. De la formation et de la supervision lui seront offertes sur une base hebdomadaire par des professionnels seniors de l\u2019e\u0301quipe.<\/p> <p><strong>Exigences :<\/strong><br \/> \u2022 E\u0302tre membre en re\u0300gle de l\u2019OPQ ou de l\u2019OTSTCFQ a\u0300 titre de travailleur social ET e\u0302tre de\u0301tenteur d&#8217;un permis de psychothe\u0301rapeute;<br \/> \u2022 Excellente mai\u0302trise du franc\u0327ais et de l\u2019anglais dans l\u2019expression orale et e\u0301crite;<br \/> \u2022 E\u0302tre disponible de 3 a\u0300 5 jours et 2 soirs par semaine;<br \/> \u2022 Entreprendre une supervision individuelle par un superviseur de l\u2019e\u0301quipe;<br \/> \u2022 Participer aux activite\u0301s de formation continue recommande\u0301s;<br \/> \u2022 Participer aux rencontres interdisciplinaires un vendredi par mois de 10h-13h.<\/p> <p><strong>Compe\u0301tences requises\u00a0:<\/strong><br \/> \u2022 Conduire des rencontres d\u2019e\u0301valuations psychologiques ET offrir de la psychothe\u0301rapie individuelle aupre\u0300s d\u2019une cliente adolescente et adulte souffrant d\u2019un trouble des conduites alimentaires;<br \/> \u2022 Animer des groupes de the\u0301rapie e\u0301ducative et\/ou de soutien.<\/p> <p><strong>Profil recherche\u0301 :<\/strong><br \/> \u2022 Individu passionne\u0301 par la relation d\u2019aide et spe\u0301cialement inte\u0301resse\u0301 au domaine des troubles alimentaires;<br \/> \u2022 Avoir un inte\u0301re\u0302t a\u0300 e\u0302tre forme\u0301 et supervise\u0301 par des professionnels qualifie\u0301s de l\u2019e\u0301quipe dans le but de de\u0301velopper une expertise dans le traitement de l\u2019hyperphagie boulimique plus spe\u0301cifiquement.<br \/> \u2022 Individu manifestant un inte\u0301re\u0302t a\u0300 inte\u0301grer l\u2019approche the\u0301rapeutique de l\u2019e\u0301quipe BACA;<br \/> \u2022 Aimer travailler dans un environnement collaboratif;<br \/> \u2022 Connaissance des principes de travail en e\u0301quipe interdisciplinaire;<br \/> \u2022 Rigueur et professionnalisme, autonomie, capacite\u0301 d\u2019introspection et d\u2019auto-e\u0301valuation,<br \/> sont parmi les atouts valorise\u0301s par notre e\u0301quipe.<\/p> <p><strong>Ce que nous vous offrons :<\/strong><br \/> \u2022 La chance de travailler au sein d\u2019une e\u0301quipe multidisciplinaire et chaleureuse, compose\u0301e de psychologues, TCF, travailleuse sociale, me\u0301decins, et nutritionnistes;<br \/> \u2022 Re\u0301mune\u0301ration compe\u0301titive et stimulante, discute\u0301e en fonction de l\u2019expe\u0301rience du candidat;<br \/> \u2022 Bureaux de consultation frai\u0302chement re\u0301nove\u0301s et de\u0301core\u0301s au gou\u0302t du jour dans un espace<br \/> lumineux et raffine\u0301;<br \/> \u2022 Supervision et consultation entre pairs;<br \/> \u2022 Formation professionnelle<\/p> <p>Veuillez faire parvenir votre curriculum vitae et lettre d&#8217;accompagnement \u00e0 l\u2019attention de<br \/> Julie Landreville\u00a0: <a href=\"mailto:julie.landreville@cliniquebaca.com\">julie.landreville@cliniquebaca.com<\/a><br \/> Nous remercions tous les candidats de leur int\u00e9r\u00eat, toutefois seuls les candidats retenus seront contact\u00e9s pour une entrevue.[\/et_pb_text][\/et_pb_column][\/et_pb_row][\/et_pb_section]<\/p>","protected":false},"excerpt":{"rendered":"<p>POSTE\u00a0: PSYCHOLOGUE, TRAVAILLEUR SOCIAL ET PSYCHOTHE\u0301RAPEUTE CONSULTANT &#8211; TEMPS PLEIN OU TEMPS PARTIEL ENTREPRISE: CLINIQUE DES TROUBLES ALIMENTAIRES BACA Inc. www.cliniquebaca.com La clinique BACA est une clinique prive\u0301e offrant des services externes spe\u0301cialise\u0301s pour les personnes souffrant d\u2019un trouble de l\u2019alimentation, tel que l\u2019anorexie nerveuse, la boulimie nerveuse et l\u2019hyperphagie boulimique. Nous venons e\u0301galement en [&hellip;]<\/p>\n","protected":false},"author":12,"featured_media":0,"parent":0,"menu_order":0,"comment_status":"closed","ping_status":"closed","template":"","meta":{"_et_pb_use_builder":"on","_et_pb_old_content":"<h3><span style=\"text-decoration: underline;\">POSTE\u00a0: PSYCHOLOGUE, TRAVAILLEUR SOCIAL ET PSYCHOTHE\u0301RAPEUTE<\/span><\/h3>\r\n<h3>CONSULTANT - TEMPS PLEIN OU TEMPS PARTIEL<\/h3>\r\n<h3>ENTREPRISE: CLINIQUE DES TROUBLES ALIMENTAIRES BACA Inc.<\/h3>\r\n<div>www.cliniquebaca.com<\/div>\r\nLa clinique BACA est une clinique prive\u0301e offrant des services externes spe\u0301cialise\u0301s pour les personnes souffrant d\u2019un trouble de l\u2019alimentation, tel que l\u2019anorexie nerveuse, la boulimie nerveuse et l\u2019hyperphagie boulimique. Nous venons e\u0301galement en aide aux parents et aux proches qui accompagnent leur e\u0302tre cher a\u0300 travers cette dure e\u0301preuve. Nous proposons un mode\u0300le de traitement inte\u0301gre\u0301 qui permet de toucher a\u0300 toutes les sphe\u0300res de la vie de l\u2019individu et favoriser une prise en charge rapide et personnalise\u0301e. La cliente\u0300le vise\u0301e est de 14 ans et plus.\r\n\r\nNotre e\u0301quipe croit au re\u0301tablissement complet et mobilise toutes ses ressources afin de redonner l\u2019espoir d\u2019une vie plus e\u0301quilibre\u0301e et libre d\u2019obsessions lie\u0301es au poids et a\u0300 l\u2019apparence. L\u2019environnement accueillant et tre\u0300s chaleureux de la clinique cre\u0301e un climat de confiance propice au re\u0301tablissement.\r\n\r\nNous formons une e\u0301quipe multidisciplinaire constitue\u0301e de professionnels passionne\u0301s par la relation d\u2019aide et le travail en e\u0301quipe. Nous privile\u0301gions e\u0301galement une e\u0301troite collaboration avec les professionnels provenant d\u2019autres milieux et qui sont implique\u0301s dans le dossier de nos clients en vue d\u2019offrir les meilleurs services possibles. Nous sommes a\u0300 la recherche d\u2019un ou d\u2019une psychothe\u0301rapeute qui a envie d\u2019e\u0301voluer au sein d\u2019une telle e\u0301quipe et qui souhaite relever des de\u0301fis cliniques a\u0300 travailler avec cette cliente\u0300le attachante.\r\n\r\nNous sommes particulie\u0300rement a\u0300 la recherche d\u2019un professionnel inte\u0301resse\u0301 a\u0300 de\u0301velopper une expertise dans le traitement de l\u2019hyperphagie boulimique. De la formation et de la supervision lui seront offertes sur une base hebdomadaire par des professionnels seniors de l\u2019e\u0301quipe.\r\n\r\n<strong>Exigences :<\/strong>\r\n\u2022 E\u0302tre membre en re\u0300gle de l\u2019OPQ ou de l\u2019OTSTCFQ a\u0300 titre de travailleur social ET e\u0302tre de\u0301tenteur d'un permis de psychothe\u0301rapeute;\r\n\u2022 Excellente mai\u0302trise du franc\u0327ais et de l\u2019anglais dans l\u2019expression orale et e\u0301crite;\r\n\u2022 E\u0302tre disponible de 3 a\u0300 5 jours et 2 soirs par semaine;\r\n\u2022 Entreprendre une supervision individuelle par un superviseur de l\u2019e\u0301quipe;\r\n\u2022 Participer aux activite\u0301s de formation continue recommande\u0301s;\r\n\u2022 Participer aux rencontres interdisciplinaires un vendredi par mois de 10h-13h.\r\n\r\n<strong>Compe\u0301tences requises\u00a0:<\/strong>\r\n\u2022 Conduire des rencontres d\u2019e\u0301valuations psychologiques ET offrir de la psychothe\u0301rapie individuelle aupre\u0300s d\u2019une cliente adolescente et adulte souffrant d\u2019un trouble des conduites alimentaires;\r\n\u2022 Animer des groupes de the\u0301rapie e\u0301ducative et\/ou de soutien.\r\n\r\n<strong>Profil recherche\u0301 :<\/strong>\r\n\u2022 Individu passionne\u0301 par la relation d\u2019aide et spe\u0301cialement inte\u0301resse\u0301 au domaine des troubles alimentaires;\r\n\u2022 Avoir un inte\u0301re\u0302t a\u0300 e\u0302tre forme\u0301 et supervise\u0301 par des professionnels qualifie\u0301s de l\u2019e\u0301quipe dans le but de de\u0301velopper une expertise dans le traitement de l\u2019hyperphagie boulimique plus spe\u0301cifiquement.\r\n\u2022 Individu manifestant un inte\u0301re\u0302t a\u0300 inte\u0301grer l\u2019approche the\u0301rapeutique de l\u2019e\u0301quipe BACA;\r\n\u2022 Aimer travailler dans un environnement collaboratif;\r\n\u2022 Connaissance des principes de travail en e\u0301quipe interdisciplinaire;\r\n\u2022 Rigueur et professionnalisme, autonomie, capacite\u0301 d\u2019introspection et d\u2019auto-e\u0301valuation,\r\nsont parmi les atouts valorise\u0301s par notre e\u0301quipe.\r\n\r\n<strong>Ce que nous vous offrons :<\/strong>\r\n\u2022 La chance de travailler au sein d\u2019une e\u0301quipe multidisciplinaire et chaleureuse, compose\u0301e de psychologues, TCF, travailleuse sociale, me\u0301decins, et nutritionnistes;\r\n\u2022 Re\u0301mune\u0301ration compe\u0301titive et stimulante, discute\u0301e en fonction de l\u2019expe\u0301rience du candidat;\r\n\u2022 Bureaux de consultation frai\u0302chement re\u0301nove\u0301s et de\u0301core\u0301s au gou\u0302t du jour dans un espace\r\nlumineux et raffine\u0301;\r\n\u2022 Supervision et consultation entre pairs;\r\n\u2022 Formation professionnelle\r\n\r\nVeuillez faire parvenir votre curriculum vitae et lettre d'accompagnement \u00e0 l\u2019attention de\r\nJulie Landreville\u00a0: <a href=\"mailto:julie.landreville@cliniquebaca.com\">julie.landreville@cliniquebaca.com<\/a>\r\nNous remercions tous les candidats de leur int\u00e9r\u00eat, toutefois seuls les candidats retenus seront contact\u00e9s pour une entrevue.","_et_gb_content_width":"","footnotes":""},"class_list":["post-1546","page","type-page","status-publish","hentry"],"yoast_head":"<!-- This site is optimized with the Yoast SEO plugin v27.4 - https:\/\/yoast.com\/product\/yoast-seo-wordpress\/ -->\n<title>Social worker position - Clinique des Troubles Alimentaires BACA<\/title>\n<meta name=\"description\" content=\"Nous venons e\u0301galement en aide aux parents et aux proches qui accompagnent leur e\u0302tre cher a\u0300 travers cette dure e\u0301preuve.\" \/>\n<meta name=\"robots\" content=\"index, follow, max-snippet:-1, max-image-preview:large, max-video-preview:-1\" \/>\n<link rel=\"canonical\" href=\"https:\/\/cliniquebaca.com\/poste-psychologue-ou-travailleur-social\/\" \/>\n<meta property=\"og:locale\" content=\"en_US\" \/>\n<meta property=\"og:type\" content=\"article\" \/>\n<meta property=\"og:title\" content=\"Social worker position - Clinique des Troubles Alimentaires BACA\" \/>\n<meta property=\"og:description\" content=\"Nous venons e\u0301galement en aide aux parents et aux proches qui accompagnent leur e\u0302tre cher a\u0300 travers cette dure e\u0301preuve.\" \/>\n<meta property=\"og:url\" content=\"https:\/\/cliniquebaca.com\/poste-psychologue-ou-travailleur-social\/\" \/>\n<meta property=\"og:site_name\" content=\"Clinique des Troubles Alimentaires BACA\" \/>\n<meta property=\"article:modified_time\" content=\"2025-08-03T04:39:01+00:00\" \/>\n<meta name=\"twitter:card\" content=\"summary_large_image\" \/>\n<meta name=\"twitter:label1\" content=\"Est. reading time\" \/>\n\t<meta name=\"twitter:data1\" content=\"3 minutes\" \/>\n<script type=\"application\/ld+json\" class=\"yoast-schema-graph\">{\"@context\":\"https:\\\/\\\/schema.org\",\"@graph\":[{\"@type\":\"WebPage\",\"@id\":\"https:\\\/\\\/cliniquebaca.com\\\/poste-psychologue-ou-travailleur-social\\\/\",\"url\":\"https:\\\/\\\/cliniquebaca.com\\\/poste-psychologue-ou-travailleur-social\\\/\",\"name\":\"Social worker position - Clinique des Troubles Alimentaires BACA\",\"isPartOf\":{\"@id\":\"https:\\\/\\\/cliniquebaca.com\\\/#website\"},\"datePublished\":\"2018-02-17T15:19:46+00:00\",\"dateModified\":\"2025-08-03T04:39:01+00:00\",\"description\":\"Nous venons e\u0301galement en aide aux parents et aux proches qui accompagnent leur e\u0302tre cher a\u0300 travers cette dure e\u0301preuve.\",\"breadcrumb\":{\"@id\":\"https:\\\/\\\/cliniquebaca.com\\\/poste-psychologue-ou-travailleur-social\\\/#breadcrumb\"},\"inLanguage\":\"en-US\",\"potentialAction\":[{\"@type\":\"ReadAction\",\"target\":[\"https:\\\/\\\/cliniquebaca.com\\\/poste-psychologue-ou-travailleur-social\\\/\"]}]},{\"@type\":\"BreadcrumbList\",\"@id\":\"https:\\\/\\\/cliniquebaca.com\\\/poste-psychologue-ou-travailleur-social\\\/#breadcrumb\",\"itemListElement\":[{\"@type\":\"ListItem\",\"position\":1,\"name\":\"Home\",\"item\":\"https:\\\/\\\/cliniquebaca.com\\\/en\\\/\"},{\"@type\":\"ListItem\",\"position\":2,\"name\":\"Social worker position\"}]},{\"@type\":\"WebSite\",\"@id\":\"https:\\\/\\\/cliniquebaca.com\\\/#website\",\"url\":\"https:\\\/\\\/cliniquebaca.com\\\/\",\"name\":\"Clinique des Troubles Alimentaires BACA\",\"description\":\"Clinique des Troubles Alimentaires BACA\",\"potentialAction\":[{\"@type\":\"SearchAction\",\"target\":{\"@type\":\"EntryPoint\",\"urlTemplate\":\"https:\\\/\\\/cliniquebaca.com\\\/?s={search_term_string}\"},\"query-input\":{\"@type\":\"PropertyValueSpecification\",\"valueRequired\":true,\"valueName\":\"search_term_string\"}}],\"inLanguage\":\"en-US\"}]}<\/script>\n<!-- \/ Yoast SEO plugin. -->","yoast_head_json":{"title":"Social worker position - Clinique des Troubles Alimentaires BACA","description":"Nous venons e\u0301galement en aide aux parents et aux proches qui accompagnent leur e\u0302tre cher a\u0300 travers cette dure e\u0301preuve.","robots":{"index":"index","follow":"follow","max-snippet":"max-snippet:-1","max-image-preview":"max-image-preview:large","max-video-preview":"max-video-preview:-1"},"canonical":"https:\/\/cliniquebaca.com\/poste-psychologue-ou-travailleur-social\/","og_locale":"en_US","og_type":"article","og_title":"Social worker position - Clinique des Troubles Alimentaires BACA","og_description":"Nous venons e\u0301galement en aide aux parents et aux proches qui accompagnent leur e\u0302tre cher a\u0300 travers cette dure e\u0301preuve.","og_url":"https:\/\/cliniquebaca.com\/poste-psychologue-ou-travailleur-social\/","og_site_name":"Clinique des Troubles Alimentaires BACA","article_modified_time":"2025-08-03T04:39:01+00:00","twitter_card":"summary_large_image","twitter_misc":{"Est. reading time":"3 minutes"},"schema":{"@context":"https:\/\/schema.org","@graph":[{"@type":"WebPage","@id":"https:\/\/cliniquebaca.com\/poste-psychologue-ou-travailleur-social\/","url":"https:\/\/cliniquebaca.com\/poste-psychologue-ou-travailleur-social\/","name":"Social worker position - Clinique des Troubles Alimentaires BACA","isPartOf":{"@id":"https:\/\/cliniquebaca.com\/#website"},"datePublished":"2018-02-17T15:19:46+00:00","dateModified":"2025-08-03T04:39:01+00:00","description":"Nous venons e\u0301galement en aide aux parents et aux proches qui accompagnent leur e\u0302tre cher a\u0300 travers cette dure e\u0301preuve.","breadcrumb":{"@id":"https:\/\/cliniquebaca.com\/poste-psychologue-ou-travailleur-social\/#breadcrumb"},"inLanguage":"en-US","potentialAction":[{"@type":"ReadAction","target":["https:\/\/cliniquebaca.com\/poste-psychologue-ou-travailleur-social\/"]}]},{"@type":"BreadcrumbList","@id":"https:\/\/cliniquebaca.com\/poste-psychologue-ou-travailleur-social\/#breadcrumb","itemListElement":[{"@type":"ListItem","position":1,"name":"Home","item":"https:\/\/cliniquebaca.com\/en\/"},{"@type":"ListItem","position":2,"name":"Social worker position"}]},{"@type":"WebSite","@id":"https:\/\/cliniquebaca.com\/#website","url":"https:\/\/cliniquebaca.com\/","name":"Clinique des Troubles Alimentaires BACA","description":"Clinique des Troubles Alimentaires BACA","potentialAction":[{"@type":"SearchAction","target":{"@type":"EntryPoint","urlTemplate":"https:\/\/cliniquebaca.com\/?s={search_term_string}"},"query-input":{"@type":"PropertyValueSpecification","valueRequired":true,"valueName":"search_term_string"}}],"inLanguage":"en-US"}]}},"_links":{"self":[{"href":"https:\/\/cliniquebaca.com\/en\/wp-json\/wp\/v2\/pages\/1546","targetHints":{"allow":["GET"]}}],"collection":[{"href":"https:\/\/cliniquebaca.com\/en\/wp-json\/wp\/v2\/pages"}],"about":[{"href":"https:\/\/cliniquebaca.com\/en\/wp-json\/wp\/v2\/types\/page"}],"author":[{"embeddable":true,"href":"https:\/\/cliniquebaca.com\/en\/wp-json\/wp\/v2\/users\/12"}],"replies":[{"embeddable":true,"href":"https:\/\/cliniquebaca.com\/en\/wp-json\/wp\/v2\/comments?post=1546"}],"version-history":[{"count":0,"href":"https:\/\/cliniquebaca.com\/en\/wp-json\/wp\/v2\/pages\/1546\/revisions"}],"wp:attachment":[{"href":"https:\/\/cliniquebaca.com\/en\/wp-json\/wp\/v2\/media?parent=1546"}],"curies":[{"name":"wp","href":"https:\/\/api.w.org\/{rel}","templated":true}]}}